{"id":19803,"date":"2023-10-31T10:45:13","date_gmt":"2023-10-31T10:45:13","guid":{"rendered":"https:\/\/tattini.dotstage.net\/prodotto\/whipstock\/"},"modified":"2024-02-02T16:34:32","modified_gmt":"2024-02-02T16:34:32","slug":"cravache-3","status":"publish","type":"product","link":"https:\/\/tattini.dotstage.net\/fr\/produit\/cravache-3\/","title":{"rendered":"Cravache"},"content":{"rendered":"","protected":false},"excerpt":{"rendered":"<p>anglaise, culot m\u00e9tal argent\u00e9, poign\u00e9e cuir, gain\u00e9e nylon tress\u00e9, claquette ouverte.<\/p>\n","protected":false},"featured_media":17698,"template":"","meta":[],"product_cat":[837,828],"product_tag":[],"_links":{"self":[{"href":"https:\/\/tattini.dotstage.net\/fr\/wp-json\/wp\/v2\/product\/19803"}],"collection":[{"href":"https:\/\/tattini.dotstage.net\/fr\/wp-json\/wp\/v2\/product"}],"about":[{"href":"https:\/\/tattini.dotstage.net\/fr\/wp-json\/wp\/v2\/types\/product"}],"version-history":[{"count":0,"href":"https:\/\/tattini.dotstage.net\/fr\/wp-json\/wp\/v2\/product\/19803\/revisions"}],"wp:featuredmedia":[{"embeddable":true,"href":"https:\/\/tattini.dotstage.net\/fr\/wp-json\/wp\/v2\/media\/17698"}],"wp:attachment":[{"href":"https:\/\/tattini.dotstage.net\/fr\/wp-json\/wp\/v2\/media?parent=19803"}],"wp:term":[{"taxonomy":"product_cat","embeddable":true,"href":"https:\/\/tattini.dotstage.net\/fr\/wp-json\/wp\/v2\/product_cat?post=19803"},{"taxonomy":"product_tag","embeddable":true,"href":"https:\/\/tattini.dotstage.net\/fr\/wp-json\/wp\/v2\/product_tag?post=19803"}],"curies":[{"name":"wp","href":"https:\/\/api.w.org\/{rel}","templated":true}]}}