{"id":19797,"date":"2023-10-31T10:45:41","date_gmt":"2023-10-31T10:45:41","guid":{"rendered":"https:\/\/tattini.dotstage.net\/prodotto\/leggings-daslo-gold-h1\/"},"modified":"2024-02-02T16:34:27","modified_gmt":"2024-02-02T16:34:27","slug":"nouvelle-mini-chaps-daslo-gold-h1","status":"publish","type":"product","link":"https:\/\/tattini.dotstage.net\/fr\/produit\/nouvelle-mini-chaps-daslo-gold-h1\/","title":{"rendered":"NOUVELLE MINI-CHAPS DASLO GOLD H1"},"content":{"rendered":"","protected":false},"excerpt":{"rendered":"<p>cuir tr\u00e8s souple vestibilit\u00e9 parfaite  \u00e9lastique de haute qualit\u00e9  disponibles en 2 hauteurs parfaites sur les sneakers tattini  adaptables \u00e0 n\u2019importe quelles boots<\/p>\n","protected":false},"featured_media":17854,"template":"","meta":[],"product_cat":[828,840],"product_tag":[],"_links":{"self":[{"href":"https:\/\/tattini.dotstage.net\/fr\/wp-json\/wp\/v2\/product\/19797"}],"collection":[{"href":"https:\/\/tattini.dotstage.net\/fr\/wp-json\/wp\/v2\/product"}],"about":[{"href":"https:\/\/tattini.dotstage.net\/fr\/wp-json\/wp\/v2\/types\/product"}],"version-history":[{"count":0,"href":"https:\/\/tattini.dotstage.net\/fr\/wp-json\/wp\/v2\/product\/19797\/revisions"}],"wp:featuredmedia":[{"embeddable":true,"href":"https:\/\/tattini.dotstage.net\/fr\/wp-json\/wp\/v2\/media\/17854"}],"wp:attachment":[{"href":"https:\/\/tattini.dotstage.net\/fr\/wp-json\/wp\/v2\/media?parent=19797"}],"wp:term":[{"taxonomy":"product_cat","embeddable":true,"href":"https:\/\/tattini.dotstage.net\/fr\/wp-json\/wp\/v2\/product_cat?post=19797"},{"taxonomy":"product_tag","embeddable":true,"href":"https:\/\/tattini.dotstage.net\/fr\/wp-json\/wp\/v2\/product_tag?post=19797"}],"curies":[{"name":"wp","href":"https:\/\/api.w.org\/{rel}","templated":true}]}}