{"id":19707,"date":"2023-10-31T10:41:55","date_gmt":"2023-10-31T10:41:55","guid":{"rendered":"https:\/\/tattini.dotstage.net\/prodotto\/chaussettes-tattini-renforcees\/"},"modified":"2024-02-02T16:36:14","modified_gmt":"2024-02-02T16:36:14","slug":"chaussettes-tattini-renforcees","status":"publish","type":"product","link":"https:\/\/tattini.dotstage.net\/fr\/produit\/chaussettes-tattini-renforcees\/","title":{"rendered":"Chaussettes Tattini renforc\u00e9es"},"content":{"rendered":"","protected":false},"excerpt":{"rendered":"<p>Avec le pied renforc\u00e9 sur la pointe et le talon, pour une adh\u00e9rence parfaite au pied. Fort r\u00e9spirant. En microfibre (25% coton, 60% polyamide, 10% polypropyl\u00e8ne, 5% \u00e9lasthanne).<\/p>\n","protected":false},"featured_media":16666,"template":"","meta":[],"product_cat":[772,771],"product_tag":[],"_links":{"self":[{"href":"https:\/\/tattini.dotstage.net\/fr\/wp-json\/wp\/v2\/product\/19707"}],"collection":[{"href":"https:\/\/tattini.dotstage.net\/fr\/wp-json\/wp\/v2\/product"}],"about":[{"href":"https:\/\/tattini.dotstage.net\/fr\/wp-json\/wp\/v2\/types\/product"}],"version-history":[{"count":0,"href":"https:\/\/tattini.dotstage.net\/fr\/wp-json\/wp\/v2\/product\/19707\/revisions"}],"wp:featuredmedia":[{"embeddable":true,"href":"https:\/\/tattini.dotstage.net\/fr\/wp-json\/wp\/v2\/media\/16666"}],"wp:attachment":[{"href":"https:\/\/tattini.dotstage.net\/fr\/wp-json\/wp\/v2\/media?parent=19707"}],"wp:term":[{"taxonomy":"product_cat","embeddable":true,"href":"https:\/\/tattini.dotstage.net\/fr\/wp-json\/wp\/v2\/product_cat?post=19707"},{"taxonomy":"product_tag","embeddable":true,"href":"https:\/\/tattini.dotstage.net\/fr\/wp-json\/wp\/v2\/product_tag?post=19707"}],"curies":[{"name":"wp","href":"https:\/\/api.w.org\/{rel}","templated":true}]}}