{"id":19689,"date":"2023-10-31T10:45:53","date_gmt":"2023-10-31T10:45:53","guid":{"rendered":"https:\/\/tattini.dotstage.net\/prodotto\/broche-tridimensionnelle-avec-figure-de-cheval\/"},"modified":"2024-02-02T16:34:25","modified_gmt":"2024-02-02T16:34:25","slug":"broche-tridimensionnelle-avec-figure-de-cheval","status":"publish","type":"product","link":"https:\/\/tattini.dotstage.net\/fr\/produit\/broche-tridimensionnelle-avec-figure-de-cheval\/","title":{"rendered":"Broche tridimensionnelle avec figure de cheval"},"content":{"rendered":"","protected":false},"excerpt":{"rendered":"<p>Broche \u00e0 effet tridimensionnel sp\u00e9cial avec sujet \u00e9questre. En m\u00e9tal plaqu\u00e9 or et argent brillant. Emball\u00e9e dans une \u00e9l\u00e9gante bo\u00eete transparente. Taille : 23&#215;32 mm<\/p>\n","protected":false},"featured_media":17911,"template":"","meta":[],"product_cat":[772,771],"product_tag":[],"_links":{"self":[{"href":"https:\/\/tattini.dotstage.net\/fr\/wp-json\/wp\/v2\/product\/19689"}],"collection":[{"href":"https:\/\/tattini.dotstage.net\/fr\/wp-json\/wp\/v2\/product"}],"about":[{"href":"https:\/\/tattini.dotstage.net\/fr\/wp-json\/wp\/v2\/types\/product"}],"version-history":[{"count":0,"href":"https:\/\/tattini.dotstage.net\/fr\/wp-json\/wp\/v2\/product\/19689\/revisions"}],"wp:featuredmedia":[{"embeddable":true,"href":"https:\/\/tattini.dotstage.net\/fr\/wp-json\/wp\/v2\/media\/17911"}],"wp:attachment":[{"href":"https:\/\/tattini.dotstage.net\/fr\/wp-json\/wp\/v2\/media?parent=19689"}],"wp:term":[{"taxonomy":"product_cat","embeddable":true,"href":"https:\/\/tattini.dotstage.net\/fr\/wp-json\/wp\/v2\/product_cat?post=19689"},{"taxonomy":"product_tag","embeddable":true,"href":"https:\/\/tattini.dotstage.net\/fr\/wp-json\/wp\/v2\/product_tag?post=19689"}],"curies":[{"name":"wp","href":"https:\/\/api.w.org\/{rel}","templated":true}]}}