{"id":19678,"date":"2023-10-31T10:40:59","date_gmt":"2023-10-31T10:40:59","guid":{"rendered":"https:\/\/tattini.dotstage.net\/prodotto\/sac-a-bottes-tattini\/"},"modified":"2024-02-02T16:36:50","modified_gmt":"2024-02-02T16:36:50","slug":"sac-a-bottes-tattini","status":"publish","type":"product","link":"https:\/\/tattini.dotstage.net\/fr\/produit\/sac-a-bottes-tattini\/","title":{"rendered":"SAC A BOTTES TATTINI"},"content":{"rendered":"","protected":false},"excerpt":{"rendered":"<p>R\u00e9alis\u00e9e en deux mat\u00e9riaux PVC Ripstop 420D en contraste, tr\u00e8s durables et r\u00e9sistants, elle est pourvue d\u2019un syst\u00e8me de ventilation interne, poche lat\u00e9rale zipp\u00e9e avec filets en contraste, poign\u00e9e pratique, sangle d&rsquo;\u00e9paule amovible et petits pieds de soutien.<\/p>\n","protected":false},"featured_media":16396,"template":"","meta":[],"product_cat":[772,771],"product_tag":[],"_links":{"self":[{"href":"https:\/\/tattini.dotstage.net\/fr\/wp-json\/wp\/v2\/product\/19678"}],"collection":[{"href":"https:\/\/tattini.dotstage.net\/fr\/wp-json\/wp\/v2\/product"}],"about":[{"href":"https:\/\/tattini.dotstage.net\/fr\/wp-json\/wp\/v2\/types\/product"}],"version-history":[{"count":0,"href":"https:\/\/tattini.dotstage.net\/fr\/wp-json\/wp\/v2\/product\/19678\/revisions"}],"wp:featuredmedia":[{"embeddable":true,"href":"https:\/\/tattini.dotstage.net\/fr\/wp-json\/wp\/v2\/media\/16396"}],"wp:attachment":[{"href":"https:\/\/tattini.dotstage.net\/fr\/wp-json\/wp\/v2\/media?parent=19678"}],"wp:term":[{"taxonomy":"product_cat","embeddable":true,"href":"https:\/\/tattini.dotstage.net\/fr\/wp-json\/wp\/v2\/product_cat?post=19678"},{"taxonomy":"product_tag","embeddable":true,"href":"https:\/\/tattini.dotstage.net\/fr\/wp-json\/wp\/v2\/product_tag?post=19678"}],"curies":[{"name":"wp","href":"https:\/\/api.w.org\/{rel}","templated":true}]}}