{"id":19378,"date":"2024-01-22T17:16:30","date_gmt":"2024-01-22T17:16:30","guid":{"rendered":"https:\/\/tattini.dotstage.net\/sinscrire-a-la-lettre-dinformation\/"},"modified":"2024-01-26T14:42:12","modified_gmt":"2024-01-26T14:42:12","slug":"sinscrire-a-la-lettre-dinformation","status":"publish","type":"page","link":"https:\/\/tattini.dotstage.net\/fr\/sinscrire-a-la-lettre-dinformation\/","title":{"rendered":"S&rsquo;inscrire \u00e0 la lettre d&rsquo;information"},"content":{"rendered":"\t\t<div data-elementor-type=\"wp-page\" data-elementor-id=\"19378\" class=\"elementor elementor-19378 elementor-14809\" data-elementor-post-type=\"page\">\n\t\t\t\t<div class=\"elementor-element elementor-element-723ce8b3 e-flex e-con-boxed e-con e-parent\" data-id=\"723ce8b3\" data-element_type=\"container\" data-settings=\"{&quot;background_background&quot;:&quot;classic&quot;,&quot;content_width&quot;:&quot;boxed&quot;}\" data-core-v316-plus=\"true\">\n\t\t\t\t\t<div class=\"e-con-inner\">\n\t\t\t\t<div class=\"elementor-element elementor-element-2e5741b2 elementor-widget elementor-widget-heading\" data-id=\"2e5741b2\" data-element_type=\"widget\" data-widget_type=\"heading.default\">\n\t\t\t\t<div class=\"elementor-widget-container\">\n\t\t\t<style>\/*! elementor - v3.19.0 - 07-02-2024 *\/\n.elementor-heading-title{padding:0;margin:0;line-height:1}.elementor-widget-heading .elementor-heading-title[class*=elementor-size-]>a{color:inherit;font-size:inherit;line-height:inherit}.elementor-widget-heading .elementor-heading-title.elementor-size-small{font-size:15px}.elementor-widget-heading .elementor-heading-title.elementor-size-medium{font-size:19px}.elementor-widget-heading .elementor-heading-title.elementor-size-large{font-size:29px}.elementor-widget-heading .elementor-heading-title.elementor-size-xl{font-size:39px}.elementor-widget-heading .elementor-heading-title.elementor-size-xxl{font-size:59px}<\/style><h2 class=\"elementor-heading-title elementor-size-default\">S'inscrire \u00e0 la lettre d'information<\/h2>\t\t<\/div>\n\t\t\t\t<\/div>\n\t\t\t\t<div class=\"elementor-element elementor-element-7d2014f5 elementor-widget elementor-widget-text-editor\" data-id=\"7d2014f5\" data-element_type=\"widget\" data-widget_type=\"text-editor.default\">\n\t\t\t\t<div class=\"elementor-widget-container\">\n\t\t\t<style>\/*! elementor - v3.19.0 - 07-02-2024 *\/\n.elementor-widget-text-editor.elementor-drop-cap-view-stacked .elementor-drop-cap{background-color:#69727d;color:#fff}.elementor-widget-text-editor.elementor-drop-cap-view-framed .elementor-drop-cap{color:#69727d;border:3px solid;background-color:transparent}.elementor-widget-text-editor:not(.elementor-drop-cap-view-default) .elementor-drop-cap{margin-top:8px}.elementor-widget-text-editor:not(.elementor-drop-cap-view-default) .elementor-drop-cap-letter{width:1em;height:1em}.elementor-widget-text-editor .elementor-drop-cap{float:left;text-align:center;line-height:1;font-size:50px}.elementor-widget-text-editor .elementor-drop-cap-letter{display:inline-block}<\/style>\t\t\t\t<p class=\"p1\">Abonnez-vous \u00e0 la lettre d&rsquo;information pour rester au courant des derni\u00e8res nouvelles de Tattini.<\/p>\n\t\t\t\t\t\t<\/div>\n\t\t\t\t<\/div>\n\t\t\t\t<div class=\"elementor-element elementor-element-5b7352b elementor-widget__width-inherit elementor-widget elementor-widget-shortcode\" data-id=\"5b7352b\" data-element_type=\"widget\" data-widget_type=\"shortcode.default\">\n\t\t\t\t<div class=\"elementor-widget-container\">\n\t\t\t\t\t<div class=\"elementor-shortcode\">\t\t\t\n\t\t\t<form id=\"sib_signup_form_4\" method=\"post\" class=\"sib_signup_form\">\n\t\t\t\t<div class=\"sib_loader\" style=\"display:none;\"><img\n\t\t\t\t\t\t\tsrc=\"https:\/\/tattini.dotstage.net\/wp-includes\/images\/spinner.gif\" alt=\"loader\"><\/div>\n\t\t\t\t<input type=\"hidden\" name=\"sib_form_action\" value=\"subscribe_form_submit\">\n\t\t\t\t<input type=\"hidden\" name=\"sib_form_id\" value=\"4\">\n                <input type=\"hidden\" name=\"sib_form_alert_notice\" value=\"Veuillez remplir ce champ\">\n                <input type=\"hidden\" name=\"sib_form_invalid_email_notice\" value=\"Votre adresse e-mail n&#039;est pas valide\">\n                <input type=\"hidden\" name=\"sib_security\" value=\"c7551c6a80\">\n\t\t\t\t<div class=\"sib_signup_box_inside_4\">\n\t\t\t\t\t<div style=\"\/*display:none*\/\" class=\"sib_msg_disp\">\n\t\t\t\t\t<\/div>\n                    \t\t\t\t\t<div class=\"sib-half-area\"> \r\n    <input type=\"text\" class=\"sib-NOME-area\" name=\"NOME\" placeholder=\"Nom\"> \r\n    <input type=\"text\" class=\"sib-COGNOME-area\" name=\"COGNOME\" placeholder=\"Nom de famille\"> \r\n<\/div>\r\n<div class=\"sib-email-area\">\r\n    <input type=\"email\" class=\"elementor-field elementor-size-md  elementor-field-textual\" name=\"email\" required=\"required\" placeholder=\"Email *\">\r\n<\/div>\r\n<div class=\"sib-submit-area\">\r\n    <p class=\"compliance\">En vous inscrivant \u00e0 notre lettre d'information, vous recevrez des mises \u00e0 jour sur nos produits et des offres sp\u00e9ciales qui vous sont r\u00e9serv\u00e9es. Si vous changez d'avis, vous pouvez vous d\u00e9sinscrire \u00e0 tout moment, voir notren <a href=\"https:\/\/www.iubenda.com\/privacy-policy\/68432396\" class=\"iubenda-nostyle no-brand iubenda-noiframe iubenda-embed iubenda-noiframe \" target=\"_blank\" rel=\"noopener\">Privacy Policy<\/a> pour plus de d\u00e9tails.<\/p>\r\n    <input type=\"submit\" class=\"elementor-button elementor-size-sm sib-submit\" value=\"S'Inscrire\">\r\n<\/div>\t\t\t\t<\/div>\n\t\t\t<\/form>\n\t\t\t<style>\n\t\t\t\tform#sib_signup_form_4 input { outline:none; } form#sib_signup_form_4 .elementor-button { font-weight: normal; } form#sib_signup_form_4 .sib-half-area { display: flex; column-gap: 25px; margin-bottom:25px } form#sib_signup_form_4 .sib-email-area { margin-bottom: 25px; } form#sib_signup_form_4 .sib-submit { display:block; margin: 25px auto 0; } form#sib_signup_form_4 .compliance { font-size: 12px; }form#sib_signup_form_4 p.sib-alert-message {\n    padding: 6px 12px;\n    margin-bottom: 20px;\n    border: 1px solid transparent;\n    border-radius: 4px;\n    -webkit-box-sizing: border-box;\n    -moz-box-sizing: border-box;\n    box-sizing: border-box;\n}\nform#sib_signup_form_4 p.sib-alert-message-error {\n    background-color: #f2dede;\n    border-color: #ebccd1;\n    color: #a94442;\n}\nform#sib_signup_form_4 p.sib-alert-message-success {\n    background-color: #dff0d8;\n    border-color: #d6e9c6;\n    color: #3c763d;\n}\nform#sib_signup_form_4 p.sib-alert-message-warning {\n    background-color: #fcf8e3;\n    border-color: #faebcc;\n    color: #8a6d3b;\n}\n\t\t\t<\/style>\n\t\t\t<\/div>\n\t\t\t\t<\/div>\n\t\t\t\t<\/div>\n\t\t\t\t\t<\/div>\n\t\t\t\t<\/div>\n\t\t\t\t<\/div>\n\t\t","protected":false},"excerpt":{"rendered":"<p>S&rsquo;inscrire \u00e0 la lettre d&rsquo;information Abonnez-vous \u00e0 la lettre d&rsquo;information pour rester au courant des derni\u00e8res nouvelles de Tattini.<\/p>\n","protected":false},"author":1,"featured_media":0,"parent":0,"menu_order":0,"comment_status":"closed","ping_status":"closed","template":"","meta":{"footnotes":""},"_links":{"self":[{"href":"https:\/\/tattini.dotstage.net\/fr\/wp-json\/wp\/v2\/pages\/19378"}],"collection":[{"href":"https:\/\/tattini.dotstage.net\/fr\/wp-json\/wp\/v2\/pages"}],"about":[{"href":"https:\/\/tattini.dotstage.net\/fr\/wp-json\/wp\/v2\/types\/page"}],"author":[{"embeddable":true,"href":"https:\/\/tattini.dotstage.net\/fr\/wp-json\/wp\/v2\/users\/1"}],"replies":[{"embeddable":true,"href":"https:\/\/tattini.dotstage.net\/fr\/wp-json\/wp\/v2\/comments?post=19378"}],"version-history":[{"count":0,"href":"https:\/\/tattini.dotstage.net\/fr\/wp-json\/wp\/v2\/pages\/19378\/revisions"}],"wp:attachment":[{"href":"https:\/\/tattini.dotstage.net\/fr\/wp-json\/wp\/v2\/media?parent=19378"}],"curies":[{"name":"wp","href":"https:\/\/api.w.org\/{rel}","templated":true}]}}