{"id":27759,"date":"2023-10-31T10:40:39","date_gmt":"2023-10-31T10:40:39","guid":{"rendered":"https:\/\/tattini.dotstage.net\/prodotto\/longhina\/"},"modified":"2024-02-02T15:49:15","modified_gmt":"2024-02-02T15:49:15","slug":"lead-rope-2","status":"publish","type":"product","link":"https:\/\/tattini.dotstage.net\/en\/product\/lead-rope-2\/","title":{"rendered":"Lead rope"},"content":{"rendered":"","protected":false},"excerpt":{"rendered":"<p>En nylon tress\u00e9 \u00e9pais, mousqueton m\u00e9tal couleur laiton.<\/p>\n","protected":false},"featured_media":16290,"template":"","meta":[],"product_cat":[863,860],"product_tag":[],"_links":{"self":[{"href":"https:\/\/tattini.dotstage.net\/en\/wp-json\/wp\/v2\/product\/27759"}],"collection":[{"href":"https:\/\/tattini.dotstage.net\/en\/wp-json\/wp\/v2\/product"}],"about":[{"href":"https:\/\/tattini.dotstage.net\/en\/wp-json\/wp\/v2\/types\/product"}],"version-history":[{"count":0,"href":"https:\/\/tattini.dotstage.net\/en\/wp-json\/wp\/v2\/product\/27759\/revisions"}],"wp:featuredmedia":[{"embeddable":true,"href":"https:\/\/tattini.dotstage.net\/en\/wp-json\/wp\/v2\/media\/16290"}],"wp:attachment":[{"href":"https:\/\/tattini.dotstage.net\/en\/wp-json\/wp\/v2\/media?parent=27759"}],"wp:term":[{"taxonomy":"product_cat","embeddable":true,"href":"https:\/\/tattini.dotstage.net\/en\/wp-json\/wp\/v2\/product_cat?post=27759"},{"taxonomy":"product_tag","embeddable":true,"href":"https:\/\/tattini.dotstage.net\/en\/wp-json\/wp\/v2\/product_tag?post=27759"}],"curies":[{"name":"wp","href":"https:\/\/api.w.org\/{rel}","templated":true}]}}